{"id":9,"date":"2022-02-08T14:08:20","date_gmt":"2022-02-08T13:08:20","guid":{"rendered":"http:\/\/localhost:8888\/ibanova\/?page_id=9"},"modified":"2026-03-17T14:10:53","modified_gmt":"2026-03-17T13:10:53","slug":"accueil","status":"publish","type":"page","link":"https:\/\/ibanova.com\/en\/","title":{"rendered":"Home"},"content":{"rendered":"<div>\n<div id=\"preloader\">\n<div class=\"player_lottie\"><lottie-player src=\"https:\/\/ibanova.com\/wp-content\/themes\/yootheme-ibanova\/src\/Preloader.json\" background=\"transparent\"  speed=\"1\"  style=\"text-align width: 960px; height: 860px;\" loop=\"false\" autoplay><\/lottie-player><\/div>\n<\/div>\n<\/div>\n<h1>YOU TRAVEL AT COLLIOURE<\/h1>\n<div>D\u00e9couvrez nos appartements et studios, parfaits pour vos s\u00e9jours \u00e0 Collioure.<\/div>\n<div>\n<div class=\"mphb_sc_search-wrapper \">\n<form method=\"GET\" class=\"mphb_sc_search-form\" action=\"https:\/\/ibanova.com\/en\/resultats-de-la-recherche\/\" data-first_available_check_in_date=\"2026-05-01\">\n\n\t<p class = \"mphb-required-fields-tip\">\n\t<small>\n\t\tRequired fields are followed by\t\t<abbr title=\"required\">*<\/abbr>\n\t<\/small>\n<\/p>\n\n\t<p class=\"mphb_sc_search-check-in-date\">\n\t\t<label for=\"mphb_check_in_date-mphb-search-form-69f311cf1387b\">\n\t\t\tCheck-in\t\t\t<abbr title=\"Formatted as dd\/mm\/yyyy\">*<\/abbr>\n\t\t<\/label>\n\t\t<br \/>\n\t\t<input\n\t\t\tid=\"mphb_check_in_date-mphb-search-form-69f311cf1387b\"\n\t\t\tdata-datepick-group=\"mphb-search-form-69f311cf1387b\"\n\t\t\tvalue=\"\"\n\t\t\tplaceholder=\"Check-in Date\"\n\t\t\trequired=\"required\"\n\t\t\ttype=\"text\"\n\t\t\tinputmode=\"none\"\n\t\t\tname=\"mphb_check_in_date\"\n\t\t\tclass=\"mphb-datepick\"\n\t\t\tautocomplete=\"off\"\n\t\t\t\/>\n\t<\/p>\n\n\t<p class=\"mphb_sc_search-check-out-date\">\n\t\t<label for=\"mphb_check_out_date-mphb-search-form-69f311cf1387b\">\n\t\t\tCheck-out\t\t\t<abbr title=\"Formatted as dd\/mm\/yyyy\">*<\/abbr>\n\t\t<\/label>\n\t\t<br \/>\n\t\t<input\n\t\t\tid=\"mphb_check_out_date-mphb-search-form-69f311cf1387b\"\n\t\t\tdata-datepick-group=\"mphb-search-form-69f311cf1387b\"\n\t\t\tvalue=\"\"\n\t\t\tplaceholder=\"Check-out Date\"\n\t\t\trequired=\"required\"\n\t\t\ttype=\"text\"\n\t\t\tinputmode=\"none\"\n\t\t\tname=\"mphb_check_out_date\"\n\t\t\tclass=\"mphb-datepick\"\n\t\t\tautocomplete=\"off\"\n\t\t\t\/>\n\t<\/p>\n\n\t\t\t<p class=\"mphb_sc_search-adults\">\n\t\t\t<label for=\"mphb_adults-mphb-search-form-69f311cf1387b\">\n\t\t\t\tAdults\t\t\t<\/label>\n\t\t\t<br \/>\n\t\t\t<select id=\"mphb_adults-mphb-search-form-69f311cf1387b\" name=\"mphb_adults\" >\n\t\t\t\t\t\t\t\t\t<option value=\"1\"  selected='selected'>1<\/option>\n\t\t\t\t\t\t\t\t\t<option value=\"2\" >2<\/option>\n\t\t\t\t\t\t\t\t\t<option value=\"3\" >3<\/option>\n\t\t\t\t\t\t\t\t\t<option value=\"4\" >4<\/option>\n\t\t\t\t\t\t\t\t\t<option value=\"5\" >5<\/option>\n\t\t\t\t\t\t\t\t\t<option value=\"6\" >6<\/option>\n\t\t\t\t\t\t\t\t\t<option value=\"7\" >7<\/option>\n\t\t\t\t\t\t\t\t\t<option value=\"8\" >8<\/option>\n\t\t\t\t\t\t\t\t\t<option value=\"9\" >9<\/option>\n\t\t\t\t\t\t\t\t\t<option value=\"10\" >10<\/option>\n\t\t\t\t\t\t\t\t\t<option value=\"11\" >11<\/option>\n\t\t\t\t\t\t\t\t\t<option value=\"12\" >12<\/option>\n\t\t\t\t\t\t\t\t\t<option value=\"13\" >13<\/option>\n\t\t\t\t\t\t\t\t\t<option value=\"14\" >14<\/option>\n\t\t\t\t\t\t\t\t\t<option value=\"15\" >15<\/option>\n\t\t\t\t\t\t\t\t\t<option value=\"16\" >16<\/option>\n\t\t\t\t\t\t\t\t\t<option value=\"17\" >17<\/option>\n\t\t\t\t\t\t\t\t\t<option value=\"18\" >18<\/option>\n\t\t\t\t\t\t\t\t\t<option value=\"19\" >19<\/option>\n\t\t\t\t\t\t\t\t\t<option value=\"20\" >20<\/option>\n\t\t\t\t\t\t\t\t\t<option value=\"21\" >21<\/option>\n\t\t\t\t\t\t\t\t\t<option value=\"22\" >22<\/option>\n\t\t\t\t\t\t\t\t\t<option value=\"23\" >23<\/option>\n\t\t\t\t\t\t\t\t\t<option value=\"24\" >24<\/option>\n\t\t\t\t\t\t\t\t\t<option value=\"25\" >25<\/option>\n\t\t\t\t\t\t\t\t\t<option value=\"26\" >26<\/option>\n\t\t\t\t\t\t\t\t\t<option value=\"27\" >27<\/option>\n\t\t\t\t\t\t\t\t\t<option value=\"28\" >28<\/option>\n\t\t\t\t\t\t\t\t\t<option value=\"29\" >29<\/option>\n\t\t\t\t\t\t\t\t\t<option value=\"30\" >30<\/option>\n\t\t\t\t\t\t\t<\/select>\n\t\t<\/p>\n\t\n\t\t\t<p class=\"mphb_sc_search-children\">\n\t\t\t<label for=\"mphb_children-mphb-search-form-69f311cf1387b\">\n\t\t\t\tChildren\t\t\t<\/label>\n\t\t\t<br \/>\n\t\t\t<select id=\"mphb_children-mphb-search-form-69f311cf1387b\" name=\"mphb_children\">\n\t\t\t\t\t\t\t\t\t<option value=\"0\"  selected='selected'>0<\/option>\n\t\t\t\t\t\t\t\t\t<option value=\"1\" >1<\/option>\n\t\t\t\t\t\t\t\t\t<option value=\"2\" >2<\/option>\n\t\t\t\t\t\t\t\t\t<option value=\"3\" >3<\/option>\n\t\t\t\t\t\t\t\t\t<option value=\"4\" >4<\/option>\n\t\t\t\t\t\t\t\t\t<option value=\"5\" >5<\/option>\n\t\t\t\t\t\t\t\t\t<option value=\"6\" >6<\/option>\n\t\t\t\t\t\t\t\t\t<option value=\"7\" >7<\/option>\n\t\t\t\t\t\t\t\t\t<option value=\"8\" >8<\/option>\n\t\t\t\t\t\t\t\t\t<option value=\"9\" >9<\/option>\n\t\t\t\t\t\t\t\t\t<option value=\"10\" >10<\/option>\n\t\t\t\t\t\t\t<\/select>\n\t\t<\/p>\n\t\n\t\n\t\n\t<input id=\"mphb_check_in_date-mphb-search-form-69f311cf1387b-hidden\" value=\"\" type=\"hidden\" name=\"mphb_check_in_date\" \/><input id=\"mphb_check_out_date-mphb-search-form-69f311cf1387b-hidden\" value=\"\" type=\"hidden\" name=\"mphb_check_out_date\" \/>\n\t<p class=\"mphb_sc_search-submit-button-wrapper\">\n\t\t<input type=\"submit\" class=\"button\" value=\"Search\"\/>\n\t<\/p>\n\n\t\n<\/form>\n<\/div><\/div>\n<h1>IBANOVA VILLA<\/h1>\n<div><a href=\"\/experiences-collioure\" class=\"button button--hyperion bouton_blanc\"><span><span>D\u00c9COUVRIR COLLIOURE<\/span><\/span><\/a><\/div>\n<h1>NOS COUPS DE COEUR<\/h1>\n<ul>\n<li>\n<div>Appartement N\u00b012<\/p>\n<div style=\"float:right;\">4 PERSONNES <\/div>\n<\/div>\n<\/li>\n<li>\n<div>Studio N\u00b08<\/p>\n<div style=\"float:right;\">3 PERSONNES <\/div>\n<\/div>\n<\/li>\n<li>\n<div>Appartement N\u00b09<\/p>\n<div style=\"float:right;\">4 PERSONNES<\/div>\n<\/div>\n<\/li>\n<li>\n<div>Studio N\u00b04<\/p>\n<div style=\"float:right;\">2 PERSONNES <\/div>\n<\/div>\n<\/li>\n<\/ul>\n<p><p>\n        <a href=\"\/nos-hebergements\/\">D\u00e9couvrir<\/a>\n    <\/p>\n<\/p>\n<div>\n<div class=\"email_home\"><strong>CONTACT<\/strong> CONTACT@IBANOVA.COM<\/div>\n<div class=\"adresse_home\"><strong>ADRESSE<\/strong> 5 RUE DU SOLEIL &#8211; 66690 COLLIOURE<\/div>\n<\/div>\n<div>\n<p>42.5232,3.08482<\/p>\n<\/div>\n<div>\n<p><a href=\"\/nos-hebergements\" class=\"button button--hyperion\"><span><span>R\u00c9SERVER<\/span><\/span><\/a><\/p>\n<\/div>\n<p><!--more--><br \/>\n<!-- {\"type\":\"layout\",\"children\":[{\"type\":\"section\",\"props\":{\"height\":\"viewport\",\"height_viewport_offset\":true,\"id\":\"home_01\",\"image_position\":\"center-center\",\"padding_bottom\":\"none\",\"padding_top\":\"none\",\"style\":\"default\",\"title_breakpoint\":\"xl\",\"title_position\":\"top-left\",\"title_rotation\":\"left\",\"vertical_align\":\"middle\",\"width\":\"\"},\"children\":[{\"type\":\"row\",\"children\":[{\"type\":\"column\",\"props\":{\"image_position\":\"center-center\",\"position_sticky_breakpoint\":\"m\"},\"children\":[{\"type\":\"text\",\"props\":{\"column_breakpoint\":\"m\",\"content\":\"\n\n<div id=\\\"preloader\\\">\n\n<div class=\\\"player_lottie\\\"><lottie-player src=\\\"https:\/\/ibanova.com\/wp-content\/themes\/yootheme-ibanova\/src\/Preloader.json\\\" background=\\\"transparent\\\"  speed=\\\"1\\\"  style=\\\"text-align width: 960px; height: 860px;\\\" loop=\\\"false\\\" autoplay><\/lottie-player><\/div>\n\n<\/div>\n\n\",\"margin_bottom\":\"default\",\"margin_top\":\"default\"}}]}]},{\"type\":\"row\",\"children\":[{\"type\":\"column\",\"props\":{\"image_position\":\"center-center\",\"position_sticky_breakpoint\":\"m\",\"width_medium\":\"3-5\"}},{\"type\":\"column\",\"props\":{\"class\":\"form_resa_home\",\"image_position\":\"center-center\",\"position_sticky_breakpoint\":\"m\",\"style\":\"tile-default\",\"width_medium\":\"2-5\"},\"children\":[{\"type\":\"headline\",\"props\":{\"content\":\"[acf field=\\\"titre_principal_-_section_reservation\\\"]\",\"content_en_us\":\"TRAVEL\",\"image_align\":\"left\",\"image_margin\":\"xsmall\",\"title_element\":\"h1\"}},{\"type\":\"text\",\"props\":{\"column_breakpoint\":\"m\",\"content\":\"[acf field=\\\"texte_intro_-_section_reservation\\\"]\",\"margin_bottom\":\"default\",\"margin_top\":\"default\"}},{\"type\":\"html\",\"props\":{\"class\":\"form_search\",\"content\":\"[mphb_availability_search]\"}}]}],\"props\":{\"layout\":\"3-5,2-5\",\"margin_bottom\":\"remove\",\"margin_top\":\"remove\",\"padding_remove_horizontal\":true,\"width\":\"large\",\"width_expand\":\"right\"}}],\"name\":\"Section Vid\u00e9o\",\"source\":{\"query\":{\"name\":\"pages.singlePage\"},\"props\":{\"video\":{\"filters\":{\"search\":\"\"},\"name\":\"field.video.url\"}}}},{\"type\":\"section\",\"props\":{\"animation\":\"fade\",\"animation_delay\":\"200\",\"height\":\"viewport\",\"height_viewport\":80,\"id\":\"home_02\",\"image_position\":\"center-center\",\"padding_bottom\":\"none\",\"padding_top\":\"none\",\"style\":\"default\",\"title_breakpoint\":\"xl\",\"title_position\":\"top-left\",\"title_rotation\":\"left\",\"vertical_align\":\"middle\",\"width\":\"expand\"},\"children\":[{\"type\":\"row\",\"children\":[{\"type\":\"column\",\"props\":{\"class\":\"colonne_presentation\",\"image_position\":\"center-center\",\"padding\":\"none\",\"position_sticky_breakpoint\":\"m\",\"style\":\"tile-primary\",\"vertical_align\":\"middle\",\"width_medium\":\"1-2\"},\"children\":[{\"type\":\"headline\",\"props\":{\"class\":\"titre_ibanova_home\",\"content\":\"IBANOVA VILLA\",\"image_align\":\"left\",\"image_margin\":\"xsmall\",\"margin_bottom\":\"medium\",\"margin_top\":\"medium\",\"position\":\"relative\",\"position_left\":\"80\",\"title_element\":\"h1\"}},{\"type\":\"text\",\"props\":{\"column_breakpoint\":\"m\",\"margin_bottom\":\"default\",\"margin_top\":\"default\",\"maxwidth\":\"xlarge\",\"position\":\"relative\",\"position_left\":\"80\"},\"source\":{\"query\":{\"name\":\"pages.singlePage\"},\"props\":{\"content\":{\"filters\":{\"search\":\"\"},\"name\":\"field.texte_presentation_ibanova\"}}}},{\"type\":\"text\",\"props\":{\"animation\":\"slide-bottom-small\",\"column_breakpoint\":\"m\",\"content\":\"<a href=\\\"experiences-collioure\\\" class=\\\"button button--hyperion bouton_blanc\\\"><span><span>D\u00c9COUVRIR COLLIOURE<\/span><\/span><\/a>\",\"margin_bottom\":\"medium\",\"margin_top\":\"medium\",\"position\":\"relative\",\"position_left\":\"80\"}}]},{\"type\":\"column\",\"props\":{\"image\":\"wp-content\/uploads\/2022\/02\/photo_ibanova_presentation.svg\",\"image_position\":\"center-center\",\"image_size\":\"cover\",\"position_sticky_breakpoint\":\"m\",\"width_medium\":\"1-2\"}}],\"props\":{\"column_gap\":\"collapse\",\"height\":\"viewport\",\"height_viewport\":80,\"layout\":\"1-2,1-2\",\"margin_bottom\":\"remove\",\"margin_top\":\"remove\",\"width\":\"expand\"}}],\"name\":\"Section Pr\u00e9sentation\"},{\"type\":\"section\",\"props\":{\"animation\":\"fade\",\"animation_delay\":\"300\",\"id\":\"home_03\",\"image_position\":\"center-center\",\"padding_bottom\":\"none\",\"padding_top\":\"xsmall\",\"style\":\"muted\",\"title_breakpoint\":\"xl\",\"title_position\":\"top-left\",\"title_rotation\":\"left\",\"vertical_align\":\"\",\"width\":\"expand\"},\"children\":[{\"type\":\"row\",\"children\":[{\"type\":\"column\",\"props\":{\"image_position\":\"center-center\",\"position_sticky_breakpoint\":\"m\"},\"children\":[{\"type\":\"headline\",\"props\":{\"content\":\"NOS COUPS DE COEUR\",\"image_align\":\"left\",\"image_margin\":\"xsmall\",\"margin_bottom\":\"medium\",\"margin_top\":\"medium\",\"text_align\":\"center\",\"title_element\":\"h1\"},\"name\":\"Titre Coups de Coeur\"},{\"type\":\"grid\",\"props\":{\"class\":\"grid_coeurs\",\"content_column_breakpoint\":\"m\",\"content_margin\":\"small\",\"filter_align\":\"left\",\"filter_all\":true,\"filter_grid_breakpoint\":\"m\",\"filter_grid_width\":\"auto\",\"filter_position\":\"top\",\"filter_style\":\"tab\",\"grid_default\":\"1\",\"grid_divider\":true,\"grid_medium\":\"4\",\"grid_small\":\"2\",\"image_align\":\"top\",\"image_grid_breakpoint\":\"m\",\"image_grid_width\":\"1-2\",\"image_svg_color\":\"emphasis\",\"image_transition\":\"scale-up\",\"item_animation\":true,\"lightbox_bg_close\":true,\"link_style\":\"default\",\"link_text\":\"\",\"margin_bottom\":\"default\",\"margin_top\":\"default\",\"meta_align\":\"below-title\",\"meta_element\":\"div\",\"meta_style\":\"text-meta\",\"panel_link\":true,\"parallax_easing\":\"1\",\"show_content\":true,\"show_hover_image\":true,\"show_hover_video\":true,\"show_image\":true,\"show_link\":true,\"show_meta\":true,\"show_title\":true,\"show_video\":true,\"title_align\":\"top\",\"title_element\":\"h3\",\"title_grid_breakpoint\":\"m\",\"title_grid_width\":\"1-2\",\"title_hover_style\":\"reset\"},\"children\":[{\"type\":\"grid_item\",\"props\":{\"content\":\"[acf field=\\\"coup_de_coeur_1_-_nom_appartement\\\"]\n\n<div style=\\\"float:right;\\\">[acf field=\\\"coup_de_coeur_1_-_nombre_de_personne\\\"]<\/div>\n\n\",\"title\":\"\"},\"source\":{\"query\":{\"name\":\"pages.singlePage\"},\"props\":{\"image\":{\"name\":\"field.coup_de_coeur_1___photo.url\"},\"link\":{\"name\":\"field.coup_de_coeur_1___lien_vers_appartement\"},\"image_alt\":{\"name\":\"field.coup_de_coeur_1___photo.alt\"}}}},{\"type\":\"grid_item\",\"props\":{\"content\":\"[acf field=\\\"coup_de_coeur_2_-_nom_appartement\\\"]\n\n<div style=\\\"float:right;\\\">[acf field=\\\"coup_de_coeur_2_-_nombre_de_personne\\\"]<\/div>\n\n\",\"title\":\"\"},\"source\":{\"query\":{\"name\":\"pages.singlePage\"},\"props\":{\"image\":{\"name\":\"field.coup_de_coeur_2___photo.url\"},\"link\":{\"name\":\"field.coup_de_coeur_2___lien_vers_appartement\"},\"image_alt\":{\"name\":\"field.coup_de_coeur_2___photo.alt\"}}}},{\"type\":\"grid_item\",\"props\":{\"content\":\"[acf field=\\\"coup_de_coeur_3_-_nom_appartement\\\"]\n\n<div style=\\\"float:right;\\\">[acf field=\\\"coup_de_coeur_3_-_nombre_de_personne\\\"]<\/div>\n\n\",\"title\":\"\"},\"source\":{\"query\":{\"name\":\"pages.singlePage\"},\"props\":{\"image\":{\"name\":\"field.coup_de_coeur_3___photo.url\"},\"link\":{\"name\":\"field.coup_de_coeur_3___lien_vers_appartement\"},\"image_alt\":{\"name\":\"field.coup_de_coeur_3___photo.alt\"}}}},{\"type\":\"grid_item\",\"props\":{\"content\":\"[acf field=\\\"coup_de_coeur_4_-_nom_appartement\\\"]\n\n<div style=\\\"float:right;\\\">[acf field=\\\"coup_de_coeur_4_-_nombre_de_personne\\\"]<\/div>\n\n\",\"title\":\"\"},\"source\":{\"query\":{\"name\":\"pages.singlePage\"},\"props\":{\"image\":{\"name\":\"field.coup_de_coeur_4___photo.url\"},\"link\":{\"name\":\"field.coup_de_coeur_4___lien_vers_appartement\"},\"image_alt\":{\"name\":\"field.coup_de_coeur_4___photo.alt\"}}}}]}]}],\"props\":{\"width\":\"xlarge\"}},{\"type\":\"row\",\"children\":[{\"type\":\"column\",\"props\":{\"image_position\":\"center-center\",\"position_sticky_breakpoint\":\"m\"},\"children\":[{\"type\":\"button\",\"props\":{\"animation\":\"none\",\"class\":\"lien_coups_coeur\",\"fullwidth\":false,\"grid_column_gap\":\"small\",\"grid_row_gap\":\"small\",\"margin_bottom\":\"default\",\"margin_top\":\"default\",\"text_align\":\"center\"},\"children\":[{\"type\":\"button_item\",\"props\":{\"button_style\":\"text\",\"content\":\"D\u00e9couvrir\",\"dialog_layout\":\"modal\",\"dialog_offcanvas_flip\":true,\"icon_align\":\"left\",\"link\":\"nos-hebergements\/\",\"link_title\":\"D\u00e9couvrir\"}}]}]}]}],\"name\":\"Section coups de coeur\"},{\"type\":\"section\",\"props\":{\"animation\":\"fade\",\"animation_delay\":\"100\",\"id\":\"home_04\",\"image\":\"wp-content\/uploads\/2022\/02\/background_contact_home.png\",\"image_position\":\"center-left\",\"image_size\":\"height-1-1\",\"style\":\"default\",\"title_breakpoint\":\"xl\",\"title_position\":\"top-left\",\"title_rotation\":\"left\",\"vertical_align\":\"\",\"width\":\"default\"},\"children\":[{\"type\":\"row\",\"children\":[{\"type\":\"column\",\"props\":{\"image_position\":\"center-center\",\"position_sticky_breakpoint\":\"m\",\"style\":\"tile-primary\"},\"children\":[{\"type\":\"text\",\"props\":{\"class\":\"contact_home\",\"column_breakpoint\":\"m\",\"content\":\"\n\n<div class=\\\"email_home\\\"><strong>CONTACT<\/strong> CONTACT@IBANOVA.COM<\/div>\n\n\n\n<div class=\\\"adresse_home\\\"><strong>ADRESSE<\/strong> 5 RUE DU SOLEIL - 66690 COLLIOURE<\/div>\n\n\",\"margin_bottom\":\"default\",\"margin_top\":\"default\"}},{\"type\":\"map\",\"props\":{\"controls\":true,\"dragging\":false,\"image_svg_color\":\"emphasis\",\"link_style\":\"default\",\"link_text\":\"Read more\",\"margin_bottom\":\"default\",\"margin_top\":\"default\",\"max_zoom\":18,\"meta_align\":\"below-title\",\"meta_element\":\"div\",\"meta_style\":\"text-meta\",\"min_zoom\":0,\"poi\":false,\"show_content\":true,\"show_image\":true,\"show_link\":true,\"show_meta\":true,\"show_title\":true,\"title_element\":\"h3\",\"title_hover_style\":\"reset\",\"type\":\"roadmap\",\"zoom\":\"14\",\"zooming\":false},\"children\":[{\"type\":\"map_item\",\"props\":{\"location\":\"42.5232,3.08482\"}}]}]}]},{\"type\":\"row\",\"children\":[{\"type\":\"column\",\"props\":{\"image_position\":\"center-center\",\"position_sticky_breakpoint\":\"m\"},\"children\":[{\"type\":\"text\",\"props\":{\"animation\":\"slide-bottom-small\",\"column_breakpoint\":\"m\",\"content\":\"\n\n<p><a href=\\\"nos-hebergements\\\" class=\\\"button button--hyperion\\\"><span><span>R\u00c9SERVER<\/span><\/span><\/a><\/p>\n\n\",\"margin_bottom\":\"default\",\"margin_top\":\"default\",\"text_align\":\"center\"}}]}]}],\"name\":\"Section D\u00e9couvrir\"}],\"version\":\"5.0.23\"} --><\/p>\n","protected":false},"excerpt":{"rendered":"<p>YOU TRAVEL AT COLLIOURE D\u00e9couvrez nos appartements et studios, parfaits pour vos s\u00e9jours \u00e0 Collioure. Required fields are followed by * Check-in * Check-out * Adults 1 2 3 4 5 6 7 8 9 10 11 12 13 14 15 16 17 18 19 20 21 22 23 24 25 26 27 28 29 [&hellip;]<\/p>\n","protected":false},"author":1,"featured_media":0,"parent":0,"menu_order":0,"comment_status":"closed","ping_status":"closed","template":"","meta":{"_acf_changed":false,"footnotes":""},"class_list":["post-9","page","type-page","status-publish","hentry"],"acf":[],"yoast_head":"<!-- This site is optimized with the Yoast SEO plugin v27.4 - https:\/\/yoast.com\/product\/yoast-seo-wordpress\/ -->\n<title>Home<\/title>\n<meta name=\"description\" content=\"[acf field=&quot;titre_principal_-_section_reservation&quot;] [acf field=&quot;texte_intro_-_section_reservation&quot;] [mphb_availability_search] IBANOVA VILLA [acf field=&quot;texte_presentation_ibanova&quot;] TO BOOK OUR FAVORITES [acf field=&quot;coup_de_coeur_1_-_nom_appartement&quot;] [acf field=&quot;coup_de_coeur_1_-_nombre_de_personne&quot;] [acf field=&quot;coup_de_coeur_2_-_nom_appartement&quot;] [acf field=&quot;coup_de_coeur_2_-_nombre_de_personne&quot;] [acf field=&quot;coup_de_coeur_3_-_nom_appartement&quot;] [acf field=&quot;coup_de_coeur_3_-_nombre_de_personne&quot;] [acf field=&quot;coup_de_coeur_4_-_nom_appartement&quot;] [acf field=&quot;coup_de_coeur_4_-_nombre_de_personne&quot;] D\u00e9couvrir CONTACT CONTACT@IBANOVA.COM ADRESSE 5 RUE DU SOLEIL - 66690 COLLIOURE 42.5232,3.08482 TO BOOK\" \/>\n<meta name=\"robots\" content=\"index, follow, max-snippet:-1, max-image-preview:large, max-video-preview:-1\" \/>\n<link rel=\"canonical\" href=\"http:\/\/[acf%20field=titre_principal_-_section_reservation]%20[acf%20field=texte_intro_-_section_reservation]%20[mphb_availability_search]%20IBANOVA%20VILLA%20[acf%20field=texte_presentation_ibanova]%20TO%20BOOK%20OUR%20FAVORITES%20[acf%20field=coup_de_coeur_1_-_nom_appartement]%20[acf%20field=coup_de_coeur_1_-_nombre_de_personne]%20[acf%20field=coup_de_coeur_2_-_nom_appartement]%20[acf%20field=coup_de_coeur_2_-_nombre_de_personne]%20[acf%20field=coup_de_coeur_3_-_nom_appartement]%20[acf%20field=coup_de_coeur_3_-_nombre_de_personne]%20[acf%20field=coup_de_coeur_4_-_nom_appartement]%20[acf%20field=coup_de_coeur_4_-_nombre_de_personne]%20D\u00e9couvrir%20CONTACT%20CONTACT@IBANOVA.COM%20ADRESSE%205%20RUE%20DU%20SOLEIL%20-%2066690%20COLLIOURE%2042.5232,3.08482%20TO%20BOOK\" \/>\n<meta property=\"og:locale\" content=\"en_US\" \/>\n<meta property=\"og:type\" content=\"article\" \/>\n<meta property=\"og:title\" content=\"Home\" \/>\n<meta property=\"og:description\" content=\"[acf field=&quot;titre_principal_-_section_reservation&quot;] [acf field=&quot;texte_intro_-_section_reservation&quot;] [mphb_availability_search] IBANOVA VILLA [acf field=&quot;texte_presentation_ibanova&quot;] TO BOOK OUR FAVORITES [acf field=&quot;coup_de_coeur_1_-_nom_appartement&quot;] [acf field=&quot;coup_de_coeur_1_-_nombre_de_personne&quot;] [acf field=&quot;coup_de_coeur_2_-_nom_appartement&quot;] [acf field=&quot;coup_de_coeur_2_-_nombre_de_personne&quot;] [acf field=&quot;coup_de_coeur_3_-_nom_appartement&quot;] [acf field=&quot;coup_de_coeur_3_-_nombre_de_personne&quot;] [acf field=&quot;coup_de_coeur_4_-_nom_appartement&quot;] [acf field=&quot;coup_de_coeur_4_-_nombre_de_personne&quot;] D\u00e9couvrir CONTACT CONTACT@IBANOVA.COM ADRESSE 5 RUE DU SOLEIL - 66690 COLLIOURE 42.5232,3.08482 TO BOOK\" \/>\n<meta property=\"og:url\" content=\"https:\/\/ibanova.com\/en\/\" \/>\n<meta property=\"og:site_name\" content=\"Ibanova Villa\" \/>\n<meta property=\"article:modified_time\" content=\"2026-03-17T13:10:53+00:00\" \/>\n<!-- \/ Yoast SEO plugin. -->","yoast_head_json":{"title":"Home","description":"[acf field=\"titre_principal_-_section_reservation\"] [acf field=\"texte_intro_-_section_reservation\"] [mphb_availability_search] IBANOVA VILLA [acf field=\"texte_presentation_ibanova\"] TO BOOK OUR FAVORITES [acf field=\"coup_de_coeur_1_-_nom_appartement\"] [acf field=\"coup_de_coeur_1_-_nombre_de_personne\"] [acf field=\"coup_de_coeur_2_-_nom_appartement\"] [acf field=\"coup_de_coeur_2_-_nombre_de_personne\"] [acf field=\"coup_de_coeur_3_-_nom_appartement\"] [acf field=\"coup_de_coeur_3_-_nombre_de_personne\"] [acf field=\"coup_de_coeur_4_-_nom_appartement\"] [acf field=\"coup_de_coeur_4_-_nombre_de_personne\"] D\u00e9couvrir CONTACT CONTACT@IBANOVA.COM ADRESSE 5 RUE DU SOLEIL - 66690 COLLIOURE 42.5232,3.08482 TO BOOK","robots":{"index":"index","follow":"follow","max-snippet":"max-snippet:-1","max-image-preview":"max-image-preview:large","max-video-preview":"max-video-preview:-1"},"canonical":"[acf field=\"titre_principal_-_section_reservation\"] [acf field=\"texte_intro_-_section_reservation\"] [mphb_availability_search] IBANOVA VILLA [acf field=\"texte_presentation_ibanova\"] TO BOOK OUR FAVORITES [acf field=\"coup_de_coeur_1_-_nom_appartement\"] [acf field=\"coup_de_coeur_1_-_nombre_de_personne\"] [acf field=\"coup_de_coeur_2_-_nom_appartement\"] [acf field=\"coup_de_coeur_2_-_nombre_de_personne\"] [acf field=\"coup_de_coeur_3_-_nom_appartement\"] [acf field=\"coup_de_coeur_3_-_nombre_de_personne\"] [acf field=\"coup_de_coeur_4_-_nom_appartement\"] [acf field=\"coup_de_coeur_4_-_nombre_de_personne\"] D\u00e9couvrir CONTACT CONTACT@IBANOVA.COM ADRESSE 5 RUE DU SOLEIL - 66690 COLLIOURE 42.5232,3.08482 TO BOOK","og_locale":"en_US","og_type":"article","og_title":"Home","og_description":"[acf field=\"titre_principal_-_section_reservation\"] [acf field=\"texte_intro_-_section_reservation\"] [mphb_availability_search] IBANOVA VILLA [acf field=\"texte_presentation_ibanova\"] TO BOOK OUR FAVORITES [acf field=\"coup_de_coeur_1_-_nom_appartement\"] [acf field=\"coup_de_coeur_1_-_nombre_de_personne\"] [acf field=\"coup_de_coeur_2_-_nom_appartement\"] [acf field=\"coup_de_coeur_2_-_nombre_de_personne\"] [acf field=\"coup_de_coeur_3_-_nom_appartement\"] [acf field=\"coup_de_coeur_3_-_nombre_de_personne\"] [acf field=\"coup_de_coeur_4_-_nom_appartement\"] [acf field=\"coup_de_coeur_4_-_nombre_de_personne\"] D\u00e9couvrir CONTACT CONTACT@IBANOVA.COM ADRESSE 5 RUE DU SOLEIL - 66690 COLLIOURE 42.5232,3.08482 TO BOOK","og_url":"https:\/\/ibanova.com\/en\/","og_site_name":"Ibanova Villa","article_modified_time":"2026-03-17T13:10:53+00:00","schema":{"@context":"https:\/\/schema.org","@graph":[{"@type":"WebPage","@id":"https:\/\/ibanova.com\/en\/","url":"https:\/\/ibanova.com\/en\/","name":"Accueil - Ibanova Villa","isPartOf":{"@id":"https:\/\/ibanova.com\/#website"},"datePublished":"2022-02-08T13:08:20+00:00","dateModified":"2026-03-17T13:10:53+00:00","description":"Bienvenue sur le site d'Ibanova Villa - D\u00e9couvrez nos appartements et studios, parfaits pour vos s\u00e9jours \u00e0 Collioure.","breadcrumb":{"@id":"https:\/\/ibanova.com\/en\/#breadcrumb"},"inLanguage":"en-US","potentialAction":[{"@type":"ReadAction","target":["https:\/\/ibanova.com\/en\/"]}]},{"@type":"BreadcrumbList","@id":"https:\/\/ibanova.com\/en\/#breadcrumb","itemListElement":[{"@type":"ListItem","position":1,"name":"Home","item":"https:\/\/ibanova.com\/"},{"@type":"ListItem","position":2,"name":"Home"}]},{"@type":"WebSite","@id":"https:\/\/ibanova.com\/en\/#website","url":"https:\/\/ibanova.com\/en\/","name":"Ibanova Villa","description":"Location appartements et studios, parfaits pour vos s\u00e9jours \u00e0 Collioure.","publisher":{"@id":"https:\/\/ibanova.com\/en\/#organization"},"potentialAction":[{"@type":"SearchAction","target":{"@type":"EntryPoint","urlTemplate":"https:\/\/ibanova.com\/en\/?s={search_term_string}"},"query-input":{"@type":"PropertyValueSpecification","valueRequired":true,"valueName":"search_term_string"}}],"inLanguage":"en-US"},{"@type":"Organization","@id":"https:\/\/ibanova.com\/en\/#organization","name":"Ibanova Villa","url":"https:\/\/ibanova.com\/en\/","logo":{"@type":"ImageObject","inLanguage":"en-US","@id":"https:\/\/ibanova.com\/en\/#\/schema\/logo\/image\/","url":"https:\/\/ibanova.com\/wp-content\/uploads\/2022\/02\/logo_ivanova.svg","contentUrl":"https:\/\/ibanova.com\/wp-content\/uploads\/2022\/02\/logo_ivanova.svg","width":1,"height":1,"caption":"Ibanova Villa"},"image":{"@id":"https:\/\/ibanova.com\/en\/#\/schema\/logo\/image\/"}}]}},"_links":{"self":[{"href":"https:\/\/ibanova.com\/en\/wp-json\/wp\/v2\/pages\/9","targetHints":{"allow":["GET"]}}],"collection":[{"href":"https:\/\/ibanova.com\/en\/wp-json\/wp\/v2\/pages"}],"about":[{"href":"https:\/\/ibanova.com\/en\/wp-json\/wp\/v2\/types\/page"}],"author":[{"embeddable":true,"href":"https:\/\/ibanova.com\/en\/wp-json\/wp\/v2\/users\/1"}],"replies":[{"embeddable":true,"href":"https:\/\/ibanova.com\/en\/wp-json\/wp\/v2\/comments?post=9"}],"version-history":[{"count":130,"href":"https:\/\/ibanova.com\/en\/wp-json\/wp\/v2\/pages\/9\/revisions"}],"predecessor-version":[{"id":12285,"href":"https:\/\/ibanova.com\/en\/wp-json\/wp\/v2\/pages\/9\/revisions\/12285"}],"wp:attachment":[{"href":"https:\/\/ibanova.com\/en\/wp-json\/wp\/v2\/media?parent=9"}],"curies":[{"name":"wp","href":"https:\/\/api.w.org\/{rel}","templated":true}]}}