{"id":35,"date":"2022-02-08T15:03:50","date_gmt":"2022-02-08T14:03:50","guid":{"rendered":"http:\/\/localhost:8888\/ibanova\/?page_id=35"},"modified":"2022-05-18T09:35:11","modified_gmt":"2022-05-18T07:35:11","slug":"informations-pratiques","status":"publish","type":"page","link":"https:\/\/ibanova.com\/en\/informations-pratiques\/","title":{"rendered":"Informations Pratiques"},"content":{"rendered":"<h1>INFORMATIONS PRATIQUES<\/h1>\n<div>\n<p><strong>Pour le Check-in\u00a0<\/strong><\/p>\n<p>Votre logement sera disponible \u00e0 partir de 14h. Pour laisser \u00e0 notre client\u00e8le l\u2019avantage de rentrer \u00e0 l\u2019heure qu\u2019elle souhaite nous avons mis en place un syst\u00e8me de boite \u00e0 cl\u00e9 \u00e0 code \u00e0 l\u2019entr\u00e9e de chaque appartement. Vous recevrez les codes d\u2019acc\u00e8s \u00e0 l\u2019appartement par sms le matin de votre arriv\u00e9e accompagn\u00e9 d\u2019un plan d\u2019acc\u00e8s au parking qui se trouve derri\u00e8re l\u2019\u00e9tablissement.<\/p>\n<p><strong>Informations utiles<\/strong><\/p>\n<p>Tout nos lits sont en dimension de 140&#215;190, nous fournissons oreillers en 60&#215;60, couette et couverture mais nous rappelons que le linge de lit, linge de toilette et m\u00e9nage de fin de s\u00e9jour sont en option. Nos cafeti\u00e8res sont des Sens\u00e9o \u00e0 dosettes souples (classique).<\/p>\n<\/div>\n<p><!--more--><br \/>\n<!-- {\"name\":\"Page Type\",\"type\":\"layout\",\"children\":[{\"type\":\"section\",\"props\":{\"style\":\"default\",\"width\":\"expand\",\"vertical_align\":\"middle\",\"title_position\":\"top-left\",\"title_rotation\":\"left\",\"title_breakpoint\":\"xl\",\"image_position\":\"center-center\",\"padding_remove_bottom\":true},\"children\":[{\"type\":\"row\",\"children\":[{\"type\":\"column\",\"props\":{\"position_sticky_breakpoint\":\"m\",\"image_position\":\"center-center\",\"media_overlay_gradient\":\"\",\"style\":\"muted\",\"padding\":\"xsmall\",\"width_medium\":\"1-3\"},\"children\":[{\"type\":\"breadcrumbs\",\"props\":{\"show_home\":true,\"show_current\":true,\"margin_remove_top\":false}}]},{\"type\":\"column\",\"props\":{\"position_sticky_breakpoint\":\"m\",\"image_position\":\"center-center\",\"media_overlay_gradient\":\"\",\"width_medium\":\"1-3\",\"style\":\"muted\",\"padding\":\"none\"},\"children\":[]},{\"type\":\"column\",\"props\":{\"position_sticky_breakpoint\":\"m\",\"image_position\":\"center-center\",\"media_overlay_gradient\":\"\",\"width_medium\":\"1-3\",\"style\":\"muted\",\"padding\":\"none\"},\"children\":[]}],\"props\":{\"margin\":\"remove-vertical\",\"margin_remove_bottom\":true,\"margin_remove_top\":true,\"row_gap\":\"collapse\",\"layout\":\"1-3,1-3,1-3\",\"column_gap\":\"collapse\",\"class\":\"grille_bloc\"}}]},{\"type\":\"section\",\"props\":{\"style\":\"default\",\"width\":\"expand\",\"vertical_align\":\"middle\",\"title_position\":\"top-left\",\"title_rotation\":\"left\",\"title_breakpoint\":\"xl\",\"image_position\":\"center-center\",\"id\":\"home_02\",\"padding\":\"none\",\"height\":\"percent\"},\"children\":[{\"type\":\"row\",\"children\":[{\"type\":\"column\",\"props\":{\"position_sticky_breakpoint\":\"m\",\"image_position\":\"center-center\",\"media_overlay_gradient\":\"\",\"width_medium\":\"1-2\",\"style\":\"default\",\"vertical_align\":\"middle\",\"padding\":\"none\",\"class\":\"\",\"image\":\"wp-content\\\/uploads\\\/2022\\\/02\\\/collioure.jpg\",\"image_size\":\"cover\"},\"children\":[]},{\"type\":\"column\",\"props\":{\"position_sticky_breakpoint\":\"m\",\"image_position\":\"center-center\",\"media_overlay_gradient\":\"\",\"width_medium\":\"1-2\",\"image\":\"\",\"image_size\":\"cover\",\"class\":\"colonne_presentation\",\"style\":\"primary\",\"vertical_align\":\"middle\"},\"children\":[{\"type\":\"headline\",\"props\":{\"title_element\":\"h1\",\"content\":\"INFORMATIONS PRATIQUES\",\"margin\":\"medium\",\"position\":\"relative\",\"position_left\":\"40\",\"class\":\"titre_ibanova_home\"}},{\"type\":\"text\",\"props\":{\"margin\":\"default\",\"column_breakpoint\":\"m\",\"content\":\"\n\n<p><strong>Pour le Check-in\\u00a0<\\\/strong><\\\/p>\\n\n\n<p>Votre logement sera disponible \\u00e0 partir de 14h. Pour laisser \\u00e0 notre client\\u00e8le l\\u2019avantage de rentrer \\u00e0 l\\u2019heure qu\\u2019elle souhaite nous avons mis en place un syst\\u00e8me de boite \\u00e0 cl\\u00e9 \\u00e0 code \\u00e0 l\\u2019entr\\u00e9e de chaque appartement. Vous recevrez les codes d\\u2019acc\\u00e8s \\u00e0 l\\u2019appartement par sms le matin de votre arriv\\u00e9e accompagn\\u00e9 d\\u2019un plan d\\u2019acc\\u00e8s au parking qui se trouve derri\\u00e8re l\\u2019\\u00e9tablissement.<\\\/p>\\n\n\n<p><strong>Informations utiles<\\\/strong><\\\/p>\\n\n\n<p>Tout nos lits sont en dimension de 140x190, nous fournissons oreillers en 60x60, couette et couverture mais nous rappelons que le linge de lit, linge de toilette et m\\u00e9nage de fin de s\\u00e9jour sont en option. Nos cafeti\\u00e8res sont des Sens\\u00e9o \\u00e0 dosettes souples (classique).<\\\/p>\",\"maxwidth\":\"xlarge\",\"position\":\"relative\",\"position_left\":\"40\"}}]}],\"props\":{\"layout\":\"1-2,1-2\",\"width\":\"expand\",\"margin\":\"remove-vertical\",\"column_gap\":\"collapse\",\"height\":\"percent\"}}],\"name\":\"Section Informations Pratiques\"},{\"type\":\"section\",\"props\":{\"style\":\"muted\",\"width\":\"expand\",\"vertical_align\":\"middle\",\"title_position\":\"top-left\",\"title_rotation\":\"left\",\"title_breakpoint\":\"xl\",\"image_position\":\"center-center\",\"id\":\"home_03\",\"padding_remove_bottom\":false,\"padding\":\"small\"},\"children\":[{\"type\":\"row\",\"children\":[{\"type\":\"column\",\"props\":{\"position_sticky_breakpoint\":\"m\",\"image_position\":\"center-center\",\"media_overlay_gradient\":\"\",\"width_medium\":\"1-2\",\"width_small\":\"1-1\"},\"children\":[]},{\"type\":\"column\",\"props\":{\"position_sticky_breakpoint\":\"m\",\"image_position\":\"center-center\",\"media_overlay_gradient\":\"\",\"width_medium\":\"1-4\",\"width_small\":\"1-2\"},\"children\":[]},{\"type\":\"column\",\"props\":{\"position_sticky_breakpoint\":\"m\",\"image_position\":\"center-center\",\"media_overlay_gradient\":\"\",\"width_medium\":\"1-4\",\"width_small\":\"1-2\"},\"children\":[]}],\"props\":{\"width\":\"xlarge\",\"layout\":\"1-2,1-4,1-4|1-1,1-2,1-2\"}}],\"name\":\"Section coups de coeur\"}],\"version\":\"2.7.22\"} --><\/p>\n","protected":false},"excerpt":{"rendered":"<p>INFORMATIONS PRATIQUES Pour le Check-in\u00a0 Votre logement sera disponible \u00e0 partir de 14h. Pour laisser \u00e0 notre client\u00e8le l\u2019avantage de rentrer \u00e0 l\u2019heure qu\u2019elle souhaite nous avons mis en place un syst\u00e8me de boite \u00e0 cl\u00e9 \u00e0 code \u00e0 l\u2019entr\u00e9e de chaque appartement. Vous recevrez les codes d\u2019acc\u00e8s \u00e0 l\u2019appartement par sms le matin de [&hellip;]<\/p>\n","protected":false},"author":1,"featured_media":0,"parent":0,"menu_order":0,"comment_status":"closed","ping_status":"closed","template":"","meta":{"_acf_changed":false,"footnotes":""},"class_list":["post-35","page","type-page","status-publish","hentry"],"acf":[],"yoast_head":"<!-- This site is optimized with the Yoast SEO plugin v27.4 - https:\/\/yoast.com\/product\/yoast-seo-wordpress\/ -->\n<title>Informations Pratiques<\/title>\n<meta name=\"description\" content=\"Retrouvez les informations pratiques et utiles pour pr\u00e9parer au mieux votre s\u00e9jour chez Ibanova Villa \u00e0 Collioure.\" \/>\n<meta name=\"robots\" content=\"index, follow, max-snippet:-1, max-image-preview:large, max-video-preview:-1\" \/>\n<link rel=\"canonical\" href=\"http:\/\/INFORMATIONS%20PRATIQUES%20Pour%20le%20Check-in\u00a0%20Votre%20logement%20sera%20disponible%20\u00e0%20partir%20de%2014h.%20Pour%20laisser%20\u00e0%20notre%20client\u00e8le%20l\u2019avantage%20de%20rentrer%20\u00e0%20l\u2019heure%20qu\u2019elle%20souhaite%20nous%20avons%20mis%20en%20place%20un%20syst\u00e8me%20de%20boite%20\u00e0%20cl\u00e9%20\u00e0%20code%20\u00e0%20l\u2019entr\u00e9e%20de%20chaque%20appartement.%20Vous%20recevrez%20les%20codes%20d\u2019acc\u00e8s%20\u00e0%20l\u2019appartement%20par%20sms%20le%20matin%20de&hellip;\" \/>\n<meta property=\"og:locale\" content=\"en_US\" \/>\n<meta property=\"og:type\" content=\"article\" \/>\n<meta property=\"og:title\" content=\"Informations Pratiques\" \/>\n<meta property=\"og:description\" content=\"Retrouvez les informations pratiques et utiles pour pr\u00e9parer au mieux votre s\u00e9jour chez Ibanova Villa \u00e0 Collioure.\" \/>\n<meta property=\"og:url\" content=\"https:\/\/ibanova.com\/en\/informations-pratiques\/\" \/>\n<meta property=\"og:site_name\" content=\"Ibanova Villa\" \/>\n<meta property=\"article:modified_time\" content=\"2022-05-18T07:35:11+00:00\" \/>\n<!-- \/ Yoast SEO plugin. -->","yoast_head_json":{"title":"Informations Pratiques","description":"Retrouvez les informations pratiques et utiles pour pr\u00e9parer au mieux votre s\u00e9jour chez Ibanova Villa \u00e0 Collioure.","robots":{"index":"index","follow":"follow","max-snippet":"max-snippet:-1","max-image-preview":"max-image-preview:large","max-video-preview":"max-video-preview:-1"},"canonical":"INFORMATIONS PRATIQUES Pour le Check-in\u00a0 Votre logement sera disponible \u00e0 partir de 14h. Pour laisser \u00e0 notre client\u00e8le l\u2019avantage de rentrer \u00e0 l\u2019heure qu\u2019elle souhaite nous avons mis en place un syst\u00e8me de boite \u00e0 cl\u00e9 \u00e0 code \u00e0 l\u2019entr\u00e9e de chaque appartement. Vous recevrez les codes d\u2019acc\u00e8s \u00e0 l\u2019appartement par sms le matin de&hellip;","og_locale":"en_US","og_type":"article","og_title":"Informations Pratiques","og_description":"Retrouvez les informations pratiques et utiles pour pr\u00e9parer au mieux votre s\u00e9jour chez Ibanova Villa \u00e0 Collioure.","og_url":"https:\/\/ibanova.com\/en\/informations-pratiques\/","og_site_name":"Ibanova Villa","article_modified_time":"2022-05-18T07:35:11+00:00","schema":{"@context":"https:\/\/schema.org","@graph":[{"@type":"WebPage","@id":"https:\/\/ibanova.com\/en\/informations-pratiques\/","url":"https:\/\/ibanova.com\/en\/informations-pratiques\/","name":"Informations Pratiques - Ibanova Villa","isPartOf":{"@id":"https:\/\/ibanova.com\/#website"},"datePublished":"2022-02-08T14:03:50+00:00","dateModified":"2022-05-18T07:35:11+00:00","description":"Retrouvez les informations pratiques et utiles pour pr\u00e9parer au mieux votre s\u00e9jour chez Ibanova Villa \u00e0 Collioure.","breadcrumb":{"@id":"https:\/\/ibanova.com\/en\/informations-pratiques\/#breadcrumb"},"inLanguage":"en-US","potentialAction":[{"@type":"ReadAction","target":["https:\/\/ibanova.com\/en\/informations-pratiques\/"]}]},{"@type":"BreadcrumbList","@id":"https:\/\/ibanova.com\/en\/informations-pratiques\/#breadcrumb","itemListElement":[{"@type":"ListItem","position":1,"name":"Home","item":"https:\/\/ibanova.com\/"},{"@type":"ListItem","position":2,"name":"Informations Pratiques"}]},{"@type":"WebSite","@id":"https:\/\/ibanova.com\/en\/#website","url":"https:\/\/ibanova.com\/en\/","name":"Ibanova Villa","description":"Location appartements et studios, parfaits pour vos s\u00e9jours \u00e0 Collioure.","publisher":{"@id":"https:\/\/ibanova.com\/en\/#organization"},"potentialAction":[{"@type":"SearchAction","target":{"@type":"EntryPoint","urlTemplate":"https:\/\/ibanova.com\/en\/?s={search_term_string}"},"query-input":{"@type":"PropertyValueSpecification","valueRequired":true,"valueName":"search_term_string"}}],"inLanguage":"en-US"},{"@type":"Organization","@id":"https:\/\/ibanova.com\/en\/#organization","name":"Ibanova Villa","url":"https:\/\/ibanova.com\/en\/","logo":{"@type":"ImageObject","inLanguage":"en-US","@id":"https:\/\/ibanova.com\/en\/#\/schema\/logo\/image\/","url":"https:\/\/ibanova.com\/wp-content\/uploads\/2022\/02\/logo_ivanova.svg","contentUrl":"https:\/\/ibanova.com\/wp-content\/uploads\/2022\/02\/logo_ivanova.svg","width":1,"height":1,"caption":"Ibanova Villa"},"image":{"@id":"https:\/\/ibanova.com\/en\/#\/schema\/logo\/image\/"}}]}},"_links":{"self":[{"href":"https:\/\/ibanova.com\/en\/wp-json\/wp\/v2\/pages\/35","targetHints":{"allow":["GET"]}}],"collection":[{"href":"https:\/\/ibanova.com\/en\/wp-json\/wp\/v2\/pages"}],"about":[{"href":"https:\/\/ibanova.com\/en\/wp-json\/wp\/v2\/types\/page"}],"author":[{"embeddable":true,"href":"https:\/\/ibanova.com\/en\/wp-json\/wp\/v2\/users\/1"}],"replies":[{"embeddable":true,"href":"https:\/\/ibanova.com\/en\/wp-json\/wp\/v2\/comments?post=35"}],"version-history":[{"count":4,"href":"https:\/\/ibanova.com\/en\/wp-json\/wp\/v2\/pages\/35\/revisions"}],"predecessor-version":[{"id":682,"href":"https:\/\/ibanova.com\/en\/wp-json\/wp\/v2\/pages\/35\/revisions\/682"}],"wp:attachment":[{"href":"https:\/\/ibanova.com\/en\/wp-json\/wp\/v2\/media?parent=35"}],"curies":[{"name":"wp","href":"https:\/\/api.w.org\/{rel}","templated":true}]}}