{"id":26,"date":"2022-02-08T14:26:27","date_gmt":"2022-02-08T13:26:27","guid":{"rendered":"http:\/\/localhost:8888\/ibanova\/confirmation-de-reservation\/reservation-annulee\/"},"modified":"2022-02-08T14:26:27","modified_gmt":"2022-02-08T13:26:27","slug":"reservation-annulee","status":"publish","type":"page","link":"https:\/\/ibanova.com\/en\/confirmation-de-reservation\/reservation-annulee\/","title":{"rendered":"R\u00e9servation annul\u00e9e"},"content":{"rendered":"<p>Votre r\u00e9servation est annul\u00e9e.<\/p>\n","protected":false},"excerpt":{"rendered":"<p>Votre r\u00e9servation est annul\u00e9e.<\/p>\n","protected":false},"author":1,"featured_media":0,"parent":24,"menu_order":0,"comment_status":"closed","ping_status":"closed","template":"","meta":{"_acf_changed":false,"footnotes":""},"class_list":["post-26","page","type-page","status-publish","hentry"],"acf":[],"yoast_head":"<!-- This site is optimized with the Yoast SEO plugin v27.4 - https:\/\/yoast.com\/product\/yoast-seo-wordpress\/ -->\n<title>R\u00e9servation annul\u00e9e<\/title>\n<meta name=\"description\" content=\"Votre r\u00e9servation est annul\u00e9e.\" \/>\n<meta name=\"robots\" content=\"index, follow, max-snippet:-1, max-image-preview:large, max-video-preview:-1\" \/>\n<link rel=\"canonical\" href=\"http:\/\/Votre%20r\u00e9servation%20est%20annul\u00e9e.\" \/>\n<meta property=\"og:locale\" content=\"en_US\" \/>\n<meta property=\"og:type\" content=\"article\" \/>\n<meta property=\"og:title\" content=\"R\u00e9servation annul\u00e9e\" \/>\n<meta property=\"og:description\" content=\"Votre r\u00e9servation est annul\u00e9e.\" \/>\n<meta property=\"og:url\" content=\"https:\/\/ibanova.com\/en\/confirmation-de-reservation\/reservation-annulee\/\" \/>\n<meta property=\"og:site_name\" content=\"Ibanova Villa\" \/>\n<!-- \/ Yoast SEO plugin. -->","yoast_head_json":{"title":"R\u00e9servation annul\u00e9e","description":"Votre r\u00e9servation est annul\u00e9e.","robots":{"index":"index","follow":"follow","max-snippet":"max-snippet:-1","max-image-preview":"max-image-preview:large","max-video-preview":"max-video-preview:-1"},"canonical":"Votre r\u00e9servation est annul\u00e9e.","og_locale":"en_US","og_type":"article","og_title":"R\u00e9servation annul\u00e9e","og_description":"Votre r\u00e9servation est annul\u00e9e.","og_url":"https:\/\/ibanova.com\/en\/confirmation-de-reservation\/reservation-annulee\/","og_site_name":"Ibanova Villa","schema":{"@context":"https:\/\/schema.org","@graph":[{"@type":"WebPage","@id":"https:\/\/ibanova.com\/en\/confirmation-de-reservation\/reservation-annulee\/","url":"https:\/\/ibanova.com\/en\/confirmation-de-reservation\/reservation-annulee\/","name":"R\u00e9servation annul\u00e9e - Ibanova Villa","isPartOf":{"@id":"https:\/\/ibanova.com\/#website"},"datePublished":"2022-02-08T13:26:27+00:00","breadcrumb":{"@id":"https:\/\/ibanova.com\/en\/confirmation-de-reservation\/reservation-annulee\/#breadcrumb"},"inLanguage":"en-US","potentialAction":[{"@type":"ReadAction","target":["https:\/\/ibanova.com\/en\/confirmation-de-reservation\/reservation-annulee\/"]}]},{"@type":"BreadcrumbList","@id":"https:\/\/ibanova.com\/en\/confirmation-de-reservation\/reservation-annulee\/#breadcrumb","itemListElement":[{"@type":"ListItem","position":1,"name":"Home","item":"https:\/\/ibanova.com\/"},{"@type":"ListItem","position":2,"name":"Confirmation de r\u00e9servation","item":"https:\/\/ibanova.com\/confirmation-de-reservation\/"},{"@type":"ListItem","position":3,"name":"R\u00e9servation annul\u00e9e"}]},{"@type":"WebSite","@id":"https:\/\/ibanova.com\/en\/#website","url":"https:\/\/ibanova.com\/en\/","name":"Ibanova Villa","description":"Location appartements et studios, parfaits pour vos s\u00e9jours \u00e0 Collioure.","publisher":{"@id":"https:\/\/ibanova.com\/en\/#organization"},"potentialAction":[{"@type":"SearchAction","target":{"@type":"EntryPoint","urlTemplate":"https:\/\/ibanova.com\/en\/?s={search_term_string}"},"query-input":{"@type":"PropertyValueSpecification","valueRequired":true,"valueName":"search_term_string"}}],"inLanguage":"en-US"},{"@type":"Organization","@id":"https:\/\/ibanova.com\/en\/#organization","name":"Ibanova Villa","url":"https:\/\/ibanova.com\/en\/","logo":{"@type":"ImageObject","inLanguage":"en-US","@id":"https:\/\/ibanova.com\/en\/#\/schema\/logo\/image\/","url":"https:\/\/ibanova.com\/wp-content\/uploads\/2022\/02\/logo_ivanova.svg","contentUrl":"https:\/\/ibanova.com\/wp-content\/uploads\/2022\/02\/logo_ivanova.svg","width":1,"height":1,"caption":"Ibanova Villa"},"image":{"@id":"https:\/\/ibanova.com\/en\/#\/schema\/logo\/image\/"}}]}},"_links":{"self":[{"href":"https:\/\/ibanova.com\/en\/wp-json\/wp\/v2\/pages\/26","targetHints":{"allow":["GET"]}}],"collection":[{"href":"https:\/\/ibanova.com\/en\/wp-json\/wp\/v2\/pages"}],"about":[{"href":"https:\/\/ibanova.com\/en\/wp-json\/wp\/v2\/types\/page"}],"author":[{"embeddable":true,"href":"https:\/\/ibanova.com\/en\/wp-json\/wp\/v2\/users\/1"}],"replies":[{"embeddable":true,"href":"https:\/\/ibanova.com\/en\/wp-json\/wp\/v2\/comments?post=26"}],"version-history":[{"count":0,"href":"https:\/\/ibanova.com\/en\/wp-json\/wp\/v2\/pages\/26\/revisions"}],"up":[{"embeddable":true,"href":"https:\/\/ibanova.com\/en\/wp-json\/wp\/v2\/pages\/24"}],"wp:attachment":[{"href":"https:\/\/ibanova.com\/en\/wp-json\/wp\/v2\/media?parent=26"}],"curies":[{"name":"wp","href":"https:\/\/api.w.org\/{rel}","templated":true}]}}