{"id":22,"date":"2022-02-08T14:26:27","date_gmt":"2022-02-08T13:26:27","guid":{"rendered":"http:\/\/localhost:8888\/ibanova\/resultats-de-la-recherche\/"},"modified":"2022-05-18T10:19:15","modified_gmt":"2022-05-18T08:19:15","slug":"resultats-de-la-recherche","status":"publish","type":"page","link":"https:\/\/ibanova.com\/en\/resultats-de-la-recherche\/","title":{"rendered":"R\u00e9sultats de la recherche"},"content":{"rendered":"<h1>D\u00c9COUVREZ TOUS<br \/>\nNOS LOGEMENTS.<\/h1>\n<div>\n<p><strong>APPARTEMENTS OU STUDIOS \/ \u00c0 UN, DEUX, TROIS OU QUATRE<\/strong><\/p>\n<\/div>\n<div>Vue sur la montagne ou sur une ruelle typique, avec balcon ou terrasse, studios ou appartements ? \u2013 Choisissez un logement qui conviendra \u00e0 vos attentes pour votre s\u00e9jour \u00e0 Collioure.<\/div>\n<div><div class=\"mphb_sc_search_results-wrapper \"><div class=\"mphb-errors-wrapper\">\n\t<\/div>\n<\/div><\/div>\n<p><!--more--><br \/>\n<!-- {\"name\":\"Hebergements\",\"type\":\"layout\",\"children\":[{\"type\":\"section\",\"props\":{\"style\":\"default\",\"width\":\"default\",\"vertical_align\":\"middle\",\"title_position\":\"top-left\",\"title_rotation\":\"left\",\"title_breakpoint\":\"xl\",\"image_position\":\"center-center\",\"padding_remove_bottom\":true},\"children\":[{\"type\":\"row\",\"children\":[{\"type\":\"column\",\"props\":{\"position_sticky_breakpoint\":\"m\",\"image_position\":\"center-center\",\"media_overlay_gradient\":\"\"},\"children\":[{\"type\":\"headline\",\"props\":{\"title_element\":\"h1\",\"content\":\"D\\u00c9COUVREZ TOUS<br\\\/>\\nNOS LOGEMENTS.\",\"text_align\":\"center\"}},{\"type\":\"text\",\"props\":{\"margin\":\"default\",\"column_breakpoint\":\"m\",\"text_align\":\"center\",\"content\":\"\n\n<p><strong>APPARTEMENTS OU STUDIOS \\\/ \\u00c0 UN, DEUX, TROIS OU QUATRE<\\\/strong><\\\/p>\"}},{\"type\":\"text\",\"props\":{\"margin\":\"default\",\"column_breakpoint\":\"m\",\"text_align\":\"center\",\"content\":\"Vue sur la montagne ou sur une ruelle typique, avec balcon ou terrasse, studios ou appartements ? \\u2013 Choisissez un logement qui conviendra \\u00e0 vos attentes pour votre s\\u00e9jour \\u00e0 Collioure.\"}}]}]}]},{\"type\":\"section\",\"props\":{\"style\":\"default\",\"width\":\"expand\",\"vertical_align\":\"middle\",\"title_position\":\"top-left\",\"title_rotation\":\"left\",\"title_breakpoint\":\"xl\",\"image_position\":\"center-center\"},\"children\":[{\"type\":\"row\",\"children\":[{\"type\":\"column\",\"props\":{\"position_sticky_breakpoint\":\"m\",\"image_position\":\"center-center\",\"media_overlay_gradient\":\"\",\"style\":\"muted\",\"padding\":\"xsmall\",\"width_medium\":\"1-3\"},\"children\":[{\"type\":\"breadcrumbs\",\"props\":{\"show_home\":true,\"show_current\":true,\"margin_remove_top\":false}}]},{\"type\":\"column\",\"props\":{\"position_sticky_breakpoint\":\"m\",\"image_position\":\"center-center\",\"media_overlay_gradient\":\"\",\"width_medium\":\"1-3\",\"style\":\"muted\",\"padding\":\"none\"},\"children\":[]},{\"type\":\"column\",\"props\":{\"position_sticky_breakpoint\":\"m\",\"image_position\":\"center-center\",\"media_overlay_gradient\":\"\",\"width_medium\":\"1-3\",\"style\":\"muted\",\"padding\":\"none\"},\"children\":[]}],\"props\":{\"margin\":\"remove-vertical\",\"margin_remove_bottom\":true,\"margin_remove_top\":true,\"row_gap\":\"collapse\",\"layout\":\"1-3,1-3,1-3\",\"column_gap\":\"collapse\",\"class\":\"grille_bloc\"}},{\"type\":\"row\",\"children\":[{\"type\":\"column\",\"props\":{\"position_sticky_breakpoint\":\"m\",\"image_position\":\"center-center\",\"media_overlay_gradient\":\"\",\"style\":\"muted\"},\"children\":[{\"type\":\"text\",\"props\":{\"margin\":\"default\",\"column_breakpoint\":\"m\",\"content\":\"[mphb_search_results orderby=\\\"menu_order\\\" excerpt=\\\"\\\" details=\\\"\\\" view_button=\\\"\\\" gallery=\\\"\\\"]\"}}]}],\"props\":{\"margin_remove_top\":true}}]}],\"version\":\"2.7.22\"} --><\/p>\n","protected":false},"excerpt":{"rendered":"<p>D\u00c9COUVREZ TOUS NOS LOGEMENTS. APPARTEMENTS OU STUDIOS \/ \u00c0 UN, DEUX, TROIS OU QUATRE Vue sur la montagne ou sur une ruelle typique, avec balcon ou terrasse, studios ou appartements ? \u2013 Choisissez un logement qui conviendra \u00e0 vos attentes pour votre s\u00e9jour \u00e0 Collioure.<\/p>\n","protected":false},"author":1,"featured_media":0,"parent":0,"menu_order":0,"comment_status":"closed","ping_status":"closed","template":"","meta":{"_acf_changed":false,"footnotes":""},"class_list":["post-22","page","type-page","status-publish","hentry"],"acf":[],"yoast_head":"<!-- This site is optimized with the Yoast SEO plugin v27.3 - https:\/\/yoast.com\/product\/yoast-seo-wordpress\/ -->\n<title>R\u00e9sultats de la recherche<\/title>\n<meta name=\"description\" content=\"D\u00c9COUVREZ TOUS NOS LOGEMENTS. APPARTEMENTS OU STUDIOS \/ \u00c0 UN, DEUX, TROIS OU QUATRE Vue sur la montagne ou sur une ruelle typique, avec balcon ou terrasse, studios ou appartements ? \u2013 Choisissez un logement qui conviendra \u00e0 vos attentes pour votre s\u00e9jour \u00e0 Collioure. [mphb_search_results orderby=&quot;menu_order&quot; excerpt=&quot;&quot; details=&quot;&quot; view_button=&quot;&quot; gallery=&quot;&quot;]\" \/>\n<meta name=\"robots\" content=\"index, follow, max-snippet:-1, max-image-preview:large, max-video-preview:-1\" \/>\n<link rel=\"canonical\" href=\"http:\/\/D\u00c9COUVREZ%20TOUS%20NOS%20LOGEMENTS.%20APPARTEMENTS%20OU%20STUDIOS%20\/%20\u00c0%20UN,%20DEUX,%20TROIS%20OU%20QUATRE%20Vue%20sur%20la%20montagne%20ou%20sur%20une%20ruelle%20typique,%20avec%20balcon%20ou%20terrasse,%20studios%20ou%20appartements%20?%20\u2013%20Choisissez%20un%20logement%20qui%20conviendra%20\u00e0%20vos%20attentes%20pour%20votre%20s\u00e9jour%20\u00e0%20Collioure.%20%5Bmphb_search_results%20orderby=menu_order%20excerpt=%20details=%20view_button=%20gallery=%5D\" \/>\n<meta property=\"og:locale\" content=\"en_US\" \/>\n<meta property=\"og:type\" content=\"article\" \/>\n<meta property=\"og:title\" content=\"R\u00e9sultats de la recherche\" \/>\n<meta property=\"og:description\" content=\"D\u00c9COUVREZ TOUS NOS LOGEMENTS. APPARTEMENTS OU STUDIOS \/ \u00c0 UN, DEUX, TROIS OU QUATRE Vue sur la montagne ou sur une ruelle typique, avec balcon ou terrasse, studios ou appartements ? \u2013 Choisissez un logement qui conviendra \u00e0 vos attentes pour votre s\u00e9jour \u00e0 Collioure. [mphb_search_results orderby=&quot;menu_order&quot; excerpt=&quot;&quot; details=&quot;&quot; view_button=&quot;&quot; gallery=&quot;&quot;]\" \/>\n<meta property=\"og:url\" content=\"https:\/\/ibanova.com\/en\/resultats-de-la-recherche\/\" \/>\n<meta property=\"og:site_name\" content=\"Ibanova Villa\" \/>\n<meta property=\"article:modified_time\" content=\"2022-05-18T08:19:15+00:00\" \/>\n<!-- \/ Yoast SEO plugin. -->","yoast_head_json":{"title":"R\u00e9sultats de la recherche","description":"D\u00c9COUVREZ TOUS NOS LOGEMENTS. APPARTEMENTS OU STUDIOS \/ \u00c0 UN, DEUX, TROIS OU QUATRE Vue sur la montagne ou sur une ruelle typique, avec balcon ou terrasse, studios ou appartements ? \u2013 Choisissez un logement qui conviendra \u00e0 vos attentes pour votre s\u00e9jour \u00e0 Collioure. [mphb_search_results orderby=\"menu_order\" excerpt=\"\" details=\"\" view_button=\"\" gallery=\"\"]","robots":{"index":"index","follow":"follow","max-snippet":"max-snippet:-1","max-image-preview":"max-image-preview:large","max-video-preview":"max-video-preview:-1"},"canonical":"D\u00c9COUVREZ TOUS NOS LOGEMENTS. APPARTEMENTS OU STUDIOS \/ \u00c0 UN, DEUX, TROIS OU QUATRE Vue sur la montagne ou sur une ruelle typique, avec balcon ou terrasse, studios ou appartements ? \u2013 Choisissez un logement qui conviendra \u00e0 vos attentes pour votre s\u00e9jour \u00e0 Collioure. [mphb_search_results orderby=\"menu_order\" excerpt=\"\" details=\"\" view_button=\"\" gallery=\"\"]","og_locale":"en_US","og_type":"article","og_title":"R\u00e9sultats de la recherche","og_description":"D\u00c9COUVREZ TOUS NOS LOGEMENTS. APPARTEMENTS OU STUDIOS \/ \u00c0 UN, DEUX, TROIS OU QUATRE Vue sur la montagne ou sur une ruelle typique, avec balcon ou terrasse, studios ou appartements ? \u2013 Choisissez un logement qui conviendra \u00e0 vos attentes pour votre s\u00e9jour \u00e0 Collioure. [mphb_search_results orderby=\"menu_order\" excerpt=\"\" details=\"\" view_button=\"\" gallery=\"\"]","og_url":"https:\/\/ibanova.com\/en\/resultats-de-la-recherche\/","og_site_name":"Ibanova Villa","article_modified_time":"2022-05-18T08:19:15+00:00","schema":{"@context":"https:\/\/schema.org","@graph":[{"@type":"WebPage","@id":"https:\/\/ibanova.com\/en\/resultats-de-la-recherche\/","url":"https:\/\/ibanova.com\/en\/resultats-de-la-recherche\/","name":"R\u00e9sultats de la recherche - Ibanova Villa","isPartOf":{"@id":"https:\/\/ibanova.com\/#website"},"datePublished":"2022-02-08T13:26:27+00:00","dateModified":"2022-05-18T08:19:15+00:00","breadcrumb":{"@id":"https:\/\/ibanova.com\/en\/resultats-de-la-recherche\/#breadcrumb"},"inLanguage":"en-US","potentialAction":[{"@type":"ReadAction","target":["https:\/\/ibanova.com\/en\/resultats-de-la-recherche\/"]}]},{"@type":"BreadcrumbList","@id":"https:\/\/ibanova.com\/en\/resultats-de-la-recherche\/#breadcrumb","itemListElement":[{"@type":"ListItem","position":1,"name":"Home","item":"https:\/\/ibanova.com\/"},{"@type":"ListItem","position":2,"name":"R\u00e9sultats de la recherche"}]},{"@type":"WebSite","@id":"https:\/\/ibanova.com\/en\/#website","url":"https:\/\/ibanova.com\/en\/","name":"Ibanova Villa","description":"Location appartements et studios, parfaits pour vos s\u00e9jours \u00e0 Collioure.","publisher":{"@id":"https:\/\/ibanova.com\/en\/#organization"},"potentialAction":[{"@type":"SearchAction","target":{"@type":"EntryPoint","urlTemplate":"https:\/\/ibanova.com\/en\/?s={search_term_string}"},"query-input":{"@type":"PropertyValueSpecification","valueRequired":true,"valueName":"search_term_string"}}],"inLanguage":"en-US"},{"@type":"Organization","@id":"https:\/\/ibanova.com\/en\/#organization","name":"Ibanova Villa","url":"https:\/\/ibanova.com\/en\/","logo":{"@type":"ImageObject","inLanguage":"en-US","@id":"https:\/\/ibanova.com\/en\/#\/schema\/logo\/image\/","url":"https:\/\/ibanova.com\/wp-content\/uploads\/2022\/02\/logo_ivanova.svg","contentUrl":"https:\/\/ibanova.com\/wp-content\/uploads\/2022\/02\/logo_ivanova.svg","width":1,"height":1,"caption":"Ibanova Villa"},"image":{"@id":"https:\/\/ibanova.com\/en\/#\/schema\/logo\/image\/"}}]}},"_links":{"self":[{"href":"https:\/\/ibanova.com\/en\/wp-json\/wp\/v2\/pages\/22","targetHints":{"allow":["GET"]}}],"collection":[{"href":"https:\/\/ibanova.com\/en\/wp-json\/wp\/v2\/pages"}],"about":[{"href":"https:\/\/ibanova.com\/en\/wp-json\/wp\/v2\/types\/page"}],"author":[{"embeddable":true,"href":"https:\/\/ibanova.com\/en\/wp-json\/wp\/v2\/users\/1"}],"replies":[{"embeddable":true,"href":"https:\/\/ibanova.com\/en\/wp-json\/wp\/v2\/comments?post=22"}],"version-history":[{"count":14,"href":"https:\/\/ibanova.com\/en\/wp-json\/wp\/v2\/pages\/22\/revisions"}],"predecessor-version":[{"id":718,"href":"https:\/\/ibanova.com\/en\/wp-json\/wp\/v2\/pages\/22\/revisions\/718"}],"wp:attachment":[{"href":"https:\/\/ibanova.com\/en\/wp-json\/wp\/v2\/media?parent=22"}],"curies":[{"name":"wp","href":"https:\/\/api.w.org\/{rel}","templated":true}]}}